{"id":350,"date":"2016-07-19T00:10:14","date_gmt":"2016-07-18T23:10:14","guid":{"rendered":"http:\/\/sucic-cres.com\/?page_id=350"},"modified":"2026-01-15T15:36:19","modified_gmt":"2026-01-15T14:36:19","slug":"how-to-reach-us","status":"publish","type":"page","link":"https:\/\/sucic-cres.com\/index.php\/how-to-reach-us\/","title":{"rendered":"How to reach us"},"content":{"rendered":"\n<p>The island of Cres is well connected to the mainland whether directly or by the island of Krk. The traffic connections are the following:<\/p>\n\n\n\n<p>The ferry connection <a href=\"https:\/\/www.jadrolinija.hr\/en\/travel\/brestova_-_porozina_cres\">Brestova-Porozina<\/a> that connects Istria to Cres.<\/p>\n\n\n\n<p>The ferry connection <a href=\"https:\/\/www.jadrolinija.hr\/en\/travel\/valbiska_krk_-_merag_cres\">Valbiska-Merag<\/a> that connects Krk and Cres. Krk can be reached by the bridge of Krk (Kr\u010dki most<em>)<\/em>.<\/p>\n\n\n\n<p>The ferry connection <a href=\"https:\/\/www.jadrolinija.hr\/en\/travel\/zadar_gazenica_-_ist_-_olib_-_silba_-_premuda_-_mali_losinj\">Zadar \u2013 Lo\u0161inj<\/a> will lead you to Mali Lo\u0161inj from where you can reach Cres by two minor bridges. The bridge in Lo\u0161inj is closed for road traffic every day from 9:00 to 9:30 and from 18:00 to 18:30, while the bridge in Osor (the connection of Cres and Lo\u0161inj) is closed from 9:00 to 9:30 and from 17:00 to 17:30.<\/p>\n\n\n\n<p>For other information regarding ferry connections, visit the web page of <a href=\"http:\/\/www.jadrolinija.hr\/en\">Jadrolinija<\/a>.<\/p>\n\n\n\n<p>The bus lines go from Mali Lo\u0161inj, Rijeka, Zagreb to Cres, and their up to date schedule can be found on the web pages of the local company <a href=\"https:\/\/www.arriva.com.hr\">Autotrans &#8211; Arriva<\/a>.<\/p>\n\n\n\n<p>The catamaran lines from Rijeka to Cres and Martin\u0161\u0107ina, and further to Mali Lo\u0161inj, are run by the&nbsp;<a href=\"https:\/\/www.jadrolinija.hr\/en\/travel\/mali_losinj_-_ilovik_-_susak_-_unije_-_martinscica_-_cres_-_rijeka\">Jadrolinija<\/a> catamaran.<\/p>\n\n\n\n<p>The catamaran lines from Pula and Zadar to Cres-Lo\u0161inj, are run by the&nbsp;<a href=\"https:\/\/www.krilo.hr\/en\/sailing-schedule\/pula-unije-susak-mali_losinj-ilovik-silba-zadar\/ik_-_susak_-_unije_-_martinscica_-_cres_-_rijeka\">Kapetan Luka<\/a> catamaran.<\/p>\n\n\n\n<p>Transadriatic catamaran lines from Pesaro\/Cessenatico (Italy) to Mali Lo\u0161inj are run by <a href=\"https:\/\/www.gomoviaggi.com\/en\/ferries-from-pesaro-and-cesenatico\/\" data-type=\"link\" data-id=\"https:\/\/www.gomoviaggi.com\/en\/ferries-from-pesaro-and-cesenatico\/\">Gomo viaggi<\/a><\/p>\n\n\n\n<p>Air travel:<\/p>\n\n\n\n<ul class=\"wp-block-list\">\n<li>by personal aircraft to the airport Mali Lo\u0161inj (<a href=\"http:\/\/www.airportmalilosinj.hr\/\">zra\u010dno pristani\u0161te Mali Lo\u0161inj<\/a>)<\/li>\n\n\n\n<li>to Rijeka Airport (<a href=\"http:\/\/www.rijeka-airport.hr\/\">Zra\u010dna luka Rijeka<\/a>) \u2013 located on the island of Krk<\/li>\n\n\n\n<li>to Pula airport (<a href=\"http:\/\/www.airport-pula.hr\/\">Zra\u010dna luka Pula<\/a>)<\/li>\n<\/ul>\n\n\n\n<p>For information about road transportation to and from the airport, as well as the taxy transport, whether by road or sea, <a href=\"http:\/\/sucic-cres.com\/index.php\/kontakt\/\">feel free to contact us<\/a>. We will help you organize your arrival.<\/p>\n","protected":false},"excerpt":{"rendered":"<p>The island of Cres is well connected to the mainland whether directly or by the island of Krk. The traffic connections are the following: The ferry connection Brestova-Porozina that connects Istria to Cres. The ferry connection Valbiska-Merag that connects Krk&hellip; <\/p>\n","protected":false},"author":1,"featured_media":0,"parent":0,"menu_order":0,"comment_status":"closed","ping_status":"closed","template":"","meta":{"footnotes":""},"class_list":["post-350","page","type-page","status-publish","hentry"],"_links":{"self":[{"href":"https:\/\/sucic-cres.com\/index.php\/wp-json\/wp\/v2\/pages\/350","targetHints":{"allow":["GET"]}}],"collection":[{"href":"https:\/\/sucic-cres.com\/index.php\/wp-json\/wp\/v2\/pages"}],"about":[{"href":"https:\/\/sucic-cres.com\/index.php\/wp-json\/wp\/v2\/types\/page"}],"author":[{"embeddable":true,"href":"https:\/\/sucic-cres.com\/index.php\/wp-json\/wp\/v2\/users\/1"}],"replies":[{"embeddable":true,"href":"https:\/\/sucic-cres.com\/index.php\/wp-json\/wp\/v2\/comments?post=350"}],"version-history":[{"count":5,"href":"https:\/\/sucic-cres.com\/index.php\/wp-json\/wp\/v2\/pages\/350\/revisions"}],"predecessor-version":[{"id":1203,"href":"https:\/\/sucic-cres.com\/index.php\/wp-json\/wp\/v2\/pages\/350\/revisions\/1203"}],"wp:attachment":[{"href":"https:\/\/sucic-cres.com\/index.php\/wp-json\/wp\/v2\/media?parent=350"}],"curies":[{"name":"wp","href":"https:\/\/api.w.org\/{rel}","templated":true}]}}